{"id":990634,"date":"2022-03-29T07:48:40","date_gmt":"2022-03-29T07:48:40","guid":{"rendered":"http:\/\/198.211.124.126\/cookies\/"},"modified":"2022-03-29T07:48:40","modified_gmt":"2022-03-29T07:48:40","slug":"cookies","status":"publish","type":"page","link":"https:\/\/heredadpanguasodupe.com\/en\/cookies\/","title":{"rendered":"Cookies"},"content":{"rendered":"<div class=\"vgblk-rw-wrapper limit-wrapper\">En cumplimiento de la Ley 34\/2002 de 11 de julio de Servicios de la Sociedad de la Informaci\u00f3n y Comercio Electr\u00f3nico, le informamos de la utilizaci\u00f3n de cookies en la web de HEREDAD Pangua Sodupe C.B. con el fin de facilitar y mejorar la navegaci\u00f3n de los usuarios, recordando por donde naveg\u00f3 en nuestro sitio web, las preferencias y configuraciones de visualizaci\u00f3n, y ofreciendo a cada usuario informaci\u00f3n que pueda ser de su inter\u00e9s.<\/p>\n<p>Una \u201ccookie\u201d es una herramienta que se utiliza para enviar datos desde un sitio web al programa de navegaci\u00f3n web del usuario. Tienen un papel esencial para la prestaci\u00f3n de numerosos servicios de la sociedad de la informaci\u00f3n. Entre otros, permiten a una p\u00e1gina web almacenar y recuperar informaci\u00f3n sobre los h\u00e1bitos de navegaci\u00f3n de un usuario o de su equipo y, dependiendo de la informaci\u00f3n obtenida, se pueden utilizar para mejorar el servicio ofrecido. HEREDAD Pangua Sodupe C.B. utiliza estas cookies por motivos operativos (por ejemplo, las cookies de sesi\u00f3n), y por facilidad de uso, para hacer m\u00e1s amigable la navegaci\u00f3n en la web, por ejemplo, recordar aspectos del usuario como su idioma, pa\u00eds, navegador, etc. Determinadas cookies son fundamentales para que el usuario pueda utilizar nuestros servicios.<\/p>\n<p>Las \u201ccookies\u201d pueden almacenarse en el disco duro del ordenador del usuario de manera que se le pueda reconocer cuando regrese a nuestro sitio web. En cualquier caso, siempre existe la posibilidad de que el usuario especifique en las preferencias de su programa de navegaci\u00f3n que desea recibir un aviso antes de aceptar cualquier \u201ccookie\u201d. As\u00ed mismo, desde su programa de navegaci\u00f3n, el usuario tambi\u00e9n puede efectuar su derecho de eliminaci\u00f3n o desactivaci\u00f3n de las \u201ccookies\u201d.<\/p>\n<h3>Tipos de cookies<\/h3>\n<p>Seg\u00fan quien sea la entidad que gestione el dominio desde donde se env\u00edan las cookies y tratan los datos que se obtengan se pueden distinguir dos tipos: cookies propias y cookies de terceros.<\/p>\n<p>Teniendo en cuenta el plazo de tiempo que permanecen almacenadas en el navegador del usuario, se pueden tratar de cookies de sesi\u00f3n o cookies persistentes.<\/p>\n<p>Y por \u00faltimo, seg\u00fan la finalidad para la que se traten los datos obtenidos distinguimos entre cookies t\u00e9cnicas, cookies de personalizaci\u00f3n, cookies de an\u00e1lisis, cookies publicitarias y cookies de publicidad comportamental. Para m\u00e1s informaci\u00f3n a este respecto puede consultar la Gu\u00eda sobre el uso de cookies de la Agencia Espa\u00f1ola de Protecci\u00f3n de Datos.<\/p>\n<p>Cookies t\u00e9cnicas (esenciales): Son necesarias para la navegaci\u00f3n y el buen funcionamiento de nuestra p\u00e1gina web, controlar el tr\u00e1fico y la comunicaci\u00f3n de datos, identificar la sesi\u00f3n, garantizar la seguridad de tus compras, etc\u2026<\/p>\n<p>Cookies de an\u00e1lisis: Permiten cuantificar el n\u00famero de usuarios y as\u00ed realizar la medici\u00f3n y an\u00e1lisis estad\u00edstico de la utilizaci\u00f3n que haces de la web.<\/p>\n<p>Cookies de preferencias o personalizaci\u00f3n: Nos permiten recordar informaci\u00f3n para accedas al servicio con determinadas caracter\u00edsticas que pueden diferenciar tu experiencia de la de otros usuarios, como, por ejemplo, el idioma, el n\u00famero de resultados a mostrar, el aspecto o contenido del servicio en funci\u00f3n del tipo de navegador, etc&#8230;<\/p>\n<p>Publicitarias comportamentales: Nos permiten analizar tus h\u00e1bitos de navegaci\u00f3n en Internet para que podamos mostrarte publicidad relacionada con tu perfil de navegaci\u00f3n.<\/p>\n<h3>Cookies utilizadas en nuestra web<\/h3>\n<h4>Propias:<\/h4>\n<h5>Cookies t\u00e9cnicas (esenciales):<\/h5>\n<p>PHPSESSID: Esta cookie es usada por PHP para permitir que las variables de sesi\u00f3n sean guardadas en el servidor web. Duraci\u00f3n: no expira.<\/p>\n<p>wordpress_logged_in: duraci\u00f3n: no expira.<\/p>\n<p>wordpress_test_cookie: duraci\u00f3n: no expira. Esta cookie se utiliza para que el gestor de contenidos WordPress compruebe si el navegador tiene las cookies activadas.<\/p>\n<p>wp-settings-1 (1 a\u00f1o): duraci\u00f3n: 1 a\u00f1o;<\/p>\n<p>wp-settings-time-1 (1 a\u00f1o): duraci\u00f3n: 1 a\u00f1o;<\/p>\n<p>Estas cookies son utilizadas por WordPress para personalizar la Interfaz de Usuario.<\/p>\n<p>moove_gdpr_popup (1 d\u00eda) duraci\u00f3n: 1 d\u00eda; Sirve para guardar la configuraci\u00f3n de la cookies.<\/p>\n<p>wpml_browser_redirect_test (sesi\u00f3n)Comprabar si las cookies est\u00e1n habilitadas.<\/p>\n<p>Cookies de preferencias o personalizaci\u00f3n:<\/p>\n<p>_icl_visitor_lang_js (1 d\u00eda) duraci\u00f3n: 1 d\u00eda; Sirve para guardar la redirecci\u00f3n al idioma.<\/p>\n<h4>De terceros:<\/h4>\n<h5>Cookies de an\u00e1lisis:<\/h5>\n<p>_ga duraci\u00f3n: 2 a\u00f1os; Se usa para distinguir a los usuarios.<\/p>\n<p>_gat_UA-XXXXXXXXXX duraci\u00f3n: 1 minuto; Se usa para limitar el porcentaje de solicitudes.<\/p>\n<p>_gid duraci\u00f3n: 1 d\u00eda; Se usa para distinguir a los usuarios.<\/p>\n<p>_gcl_au duraci\u00f3n: 3 meses; Se usa para analizar la experiencia del usuario en el sitio web.<\/p>\n<p>Utilizamos estas cookies de Google Analytics para poder elaborar estad\u00edsticas sobre el tr\u00e1fico y volumen de visitas a nuestra web. Google se compromete a no compartir la informaci\u00f3n con terceros, excepto en los casos en los que sea necesario para el funcionamiento del sistema o cuando la ley obligue a tal efecto. Puede encontrar m\u00e1s informaci\u00f3n al respecto e inhabilitar el uso de estas cookies en:<\/p>\n<p>https:\/\/developers.google.com\/analytics\/devguides\/collection\/analyticsjs\/cookie-usage?hl=es<\/p>\n<p>Configuraci\u00f3n y aceptaci\u00f3n de cookies:<\/p>\n<p>Al acceder a nuestro sitio web por primera vez, ver\u00e1 una ventana d\u00f3nde se le informa de la utilizaci\u00f3n de las cookies y donde puede consultar esta \u201cPol\u00edtica de cookies\u201d, en la p\u00e1gina de entrada usted tiene la opci\u00f3n de prestar o no su consentimiento respecto a las cookies utilizadas por esta web. En el caso de que acepte dichas cookies no se volver\u00e1 a visualizar este aviso al acceder a cualquier p\u00e1gina del portal durante la presente sesi\u00f3n.<\/p>\n<p>Usted como usuario tiene la posibilidad de ejercer su derecho a bloquear, eliminar y rechazar el uso de cookies, en todo momento, modificando las opciones de su navegador.<\/p>\n<p>Por ejemplo:<\/p>\n<p>1. Internet Explorer: Herramientas &gt; Opciones de Internet &gt; Privacidad &gt; Configuraci\u00f3n. Para m\u00e1s informaci\u00f3n, puede consultar el soporte de Microsoft o la Ayuda del navegador.<\/p>\n<p>2. Firefox: Herramientas &gt; Opciones &gt; Privacidad &gt; Historial &gt; Configuraci\u00f3n Personalizada. Para m\u00e1s informaci\u00f3n, puede consultar el soporte de Mozilla o la Ayuda del navegador.<\/p>\n<p>3. Chrome: Configuraci\u00f3n &gt; Mostrar opciones avanzadas &gt; Privacidad -&gt; Configuraci\u00f3n de contenido. Para m\u00e1s informaci\u00f3n, puede consultar el soporte de Google o la Ayuda del navegador.<\/p>\n<p>4. Safari: Preferencias &gt; Seguridad. Para m\u00e1s informaci\u00f3n, puede consultar el soporte de Apple o la Ayuda del navegador.<\/p>\n<p>5. Opera: Configuraci\u00f3n &gt; Opciones &gt; Avanzado &gt; Cookies Para m\u00e1s informaci\u00f3n, puede consultar el soporte de Opera o la Ayuda del navegador.<\/p>\n<p>Si usa otro navegador distinto a los anteriores, consulte su pol\u00edtica de instalaci\u00f3n, uso y bloqueo de cookies.<\/p>\n<p>En el caso de bloquear o no aceptar la instalaci\u00f3n de cookies, es posible que ciertos servicios no est\u00e9s disponibles sin la utilizaci\u00f3n de \u00e9stas o que no pueda acceder a determinados servicios ni tampoco aprovechar por completo todo lo que nuestras webs y aplicaciones le ofrecen.<\/p>\n<p>Este sitio web no se hace responsable del contenido ni de la veracidad de las pol\u00edticas de privacidad que puedan tener los terceros mencionados en esta pol\u00edtica de cookies.<\/p><\/div>\n<p><!-- .vgblk-rw-wrapper --><\/p>\n","protected":false},"excerpt":{"rendered":"<p>En cumplimiento de la Ley 34\/2002 de 11 de julio de Servicios de la Sociedad de la Informaci\u00f3n y Comercio Electr\u00f3nico, le informamos de la utilizaci\u00f3n de cookies en la web de HEREDAD Pangua Sodupe C.B. con el fin de facilitar y mejorar la navegaci\u00f3n de los usuarios, recordando por donde naveg\u00f3 en nuestro sitio&#8230;<\/p>\n","protected":false},"author":1,"featured_media":0,"parent":0,"menu_order":0,"comment_status":"closed","ping_status":"closed","template":"","meta":{"footnotes":""},"class_list":["post-990634","page","type-page","status-publish","hentry"],"_links":{"self":[{"href":"https:\/\/heredadpanguasodupe.com\/en\/wp-json\/wp\/v2\/pages\/990634","targetHints":{"allow":["GET"]}}],"collection":[{"href":"https:\/\/heredadpanguasodupe.com\/en\/wp-json\/wp\/v2\/pages"}],"about":[{"href":"https:\/\/heredadpanguasodupe.com\/en\/wp-json\/wp\/v2\/types\/page"}],"author":[{"embeddable":true,"href":"https:\/\/heredadpanguasodupe.com\/en\/wp-json\/wp\/v2\/users\/1"}],"replies":[{"embeddable":true,"href":"https:\/\/heredadpanguasodupe.com\/en\/wp-json\/wp\/v2\/comments?post=990634"}],"version-history":[{"count":0,"href":"https:\/\/heredadpanguasodupe.com\/en\/wp-json\/wp\/v2\/pages\/990634\/revisions"}],"wp:attachment":[{"href":"https:\/\/heredadpanguasodupe.com\/en\/wp-json\/wp\/v2\/media?parent=990634"}],"curies":[{"name":"wp","href":"https:\/\/api.w.org\/{rel}","templated":true}]}}